{"id":311,"date":"2017-10-11T09:16:34","date_gmt":"2017-10-11T07:16:34","guid":{"rendered":"http:\/\/boudoir.hr\/o-nama\/"},"modified":"2024-03-19T13:23:26","modified_gmt":"2024-03-19T12:23:26","slug":"about-us","status":"publish","type":"page","link":"https:\/\/boudoir.hr\/en\/about-us\/","title":{"rendered":"About us"},"content":{"rendered":"\n\n\t\t\t\t<img decoding=\"async\" src=\"https:\/\/boudoir.hr\/wp-content\/uploads\/2018\/11\/boudoir-portret-cb.jpg\" alt=\"boudoir portret cb\" itemprop=\"image\" title=\"boudoir portret cb\" onerror=\"this.style.display='none'\"  \/>\n\t<p>Fashion audience is able to recognize a unique signature under the name of Boudoir, devotedly crafted by the twin sisters Martina \u010ci\u010dko Karapetri\u0107 and Morana Toma\u0161evi\u0107, shaping their fairy-tale fashion vision woven together with feminine pieces, layered textures, lace applications and stunning impressionist prints.<\/p>\n<p>Boudoir was founded in 2001, in Zagreb \/ Croatia and its designers are regularly presenting their work and collections through fashion shows, exhibitions and up to date fashion campaigns.<\/p>\n<p>Always current, but never trendy, their collections are full of poetic creations that delicately balance between classical and contemporary, beautiful and unusual, realism and fantasy. The imaginative design, top quality materials and the minutiae artistry has earned them the status of &#8216;regional queens of couture&#8217;, and their unique creations have long been worshiped and worn beyond the borders of Croatia.<\/p>\n\n","protected":false},"excerpt":{"rendered":"<p>Fashion audience is able to recognize a unique signature under the name of Boudoir, devotedly crafted by the twin sisters Martina \u010ci\u010dko Karapetri\u0107 and Morana Toma\u0161evi\u0107, shaping their fairy-tale fashion vision woven together with feminine pieces, layered textures, lace applications and stunning impressionist prints. Boudoir was founded in 2001, in Zagreb \/ Croatia and its [&hellip;]<\/p>\n","protected":false},"author":2,"featured_media":0,"parent":0,"menu_order":0,"comment_status":"closed","ping_status":"closed","template":"","meta":{"footnotes":""},"class_list":["post-311","page","type-page","status-publish","hentry"],"_links":{"self":[{"href":"https:\/\/boudoir.hr\/en\/wp-json\/wp\/v2\/pages\/311","targetHints":{"allow":["GET"]}}],"collection":[{"href":"https:\/\/boudoir.hr\/en\/wp-json\/wp\/v2\/pages"}],"about":[{"href":"https:\/\/boudoir.hr\/en\/wp-json\/wp\/v2\/types\/page"}],"author":[{"embeddable":true,"href":"https:\/\/boudoir.hr\/en\/wp-json\/wp\/v2\/users\/2"}],"replies":[{"embeddable":true,"href":"https:\/\/boudoir.hr\/en\/wp-json\/wp\/v2\/comments?post=311"}],"version-history":[{"count":0,"href":"https:\/\/boudoir.hr\/en\/wp-json\/wp\/v2\/pages\/311\/revisions"}],"wp:attachment":[{"href":"https:\/\/boudoir.hr\/en\/wp-json\/wp\/v2\/media?parent=311"}],"curies":[{"name":"wp","href":"https:\/\/api.w.org\/{rel}","templated":true}]}}